{"id":100,"date":"2024-11-13T15:38:01","date_gmt":"2024-11-13T15:38:01","guid":{"rendered":"https:\/\/persuasumgroup.com\/web\/home\/"},"modified":"2025-09-30T12:54:22","modified_gmt":"2025-09-30T12:54:22","slug":"home","status":"publish","type":"page","link":"https:\/\/persuasumgroup.com\/web\/","title":{"rendered":"Home"},"content":{"rendered":"\n\n\n\n\n\n\n\n\n\n<h1><p class=\"MsoNormal\"><span lang=\"ES\">La innovaci\u00f3n, el\naprendizaje continuo y un equipo multidisciplinar crean estrategias 360<\/span>\u00b0<span lang=\"ES\"><o:p><\/o:p><\/span><\/p><\/h1>\n\n\n\n\n\n\n\n\n\n\n<h2>Sobre Persuasum<\/h2>\n\n<h5 style=\"text-align: justify;\"><span style=\"font-size: x-large;\">\u201cEscuchamos con cordialidad a nuestros clientes para const<span style=\"\"><span style=\"\"><\/span><\/span>ruir relaciones basadas en la confianza y la lealtad\u201d<\/span><\/h5>\n<h5\u00a0style=\"text-align: center;\"=\"\"><span style=\"font-size: large;\"><\/span>\n<\/h5\u00a0style=\"text-align:>\n<h5 style=\"text-align: justify; font-size: x-large; line-height: 1.5;\">Persuasum nace hace 10 a\u00f1os con<span style=\"font-size:x-large;\"><\/span> la firme con<span style=\"line-height:1;\"><\/span>vicci\u00f3n de aportar al bienestar com\u00fan con soluciones jur\u00eddicas innovadoras, personalizadas, integrales y estrat\u00e9gicas.<\/h5>\n<h4 style=\"text-align: justify;\"> \n<span style=\"font-size: x-large;\">Brindamos soluciones de alta calidad para resolver de forma eficiente, integral y \u00e1gil problemas complejos. Aplicamos nuestro know-how multidisciplinar dando lo mejor de nosotros mismos para ayudar a nuestros clientes <span style=\"font-size:x-small;\"><span style=\"\"><\/span><\/span>a alcanzar sus metas.<\/span> <\/h4>\n<h5 style=\"text-align: justify;\">\n<span style=\"font-size: x-large;\">Nuestra manera de trabajar est\u00e1 centrada en el bienestar de las personas, empresas e instituciones e incidir positivamente en aquellos principios que facilitan el bien com\u00fan.<\/span>\n  <\/h5>\n\n\n\n\n\n\n\n\n\n\n\n\n\n\n\n\n\n<h3><strong>La equidad de g\u00e9nero es la clave para la disrupci\u00f3n <\/strong><\/h3>\n\n<h5 style=\"text-align: justify;\"><span style=\"font-size: large;\"><span style=\"font-size: x-large;\">Nos enorgullece contar con una Senior Manager Jur\u00eddico y una Gerente Administrativa, ambas mujeres. Esto reafirma nuestro compromi<span style=\"font-size:normal;\"><\/span>so por fortalecer la equidad de g\u00e9nero y la igualdad de oportunidades en los puestos gerenciales.<\/span> <\/span><\/h5>\n<h5\u00a0style=\"text-align: center;\"=\"\"><span style=\"font-size: large;\"><\/span>\n<\/h5\u00a0style=\"text-align:>\n\n\n\n\n<h2><strong>\u00c1reas de Pr\u00e1ctica<\/strong><\/h2>\n\n\n\n\n\n\n\n\n<p><br><\/p>\n\n\n<p><br><\/p>\n\n\n<p><br><\/p>\n\n\n\n\n<p><br><\/p>\n\n\n<p><br><\/p>\n\n\n<p><br><\/p>\n\n\n\n\n<p><br><\/p>\n\n\n<p><br><\/p>\n\n\n<p><br><\/p>\n\n\n\n\n<p><br><\/p>\n\n\n<p><br><\/p>\n\n\n<p><br><\/p>\n\n\n\n\n\n\n\n<h2><strong>Nuestro Equipo<\/strong><\/h2>\n<p style=\"text-align: justify; color: rgb(255, 255, 255);\"><span style=\"font-size: x-large;\">M\u00e1s que una firma jur\u00eddica, somos un equipo de profesionales con calidad humana, alt<span style=\"font-family:Montserrat;\"><\/span>amente capacitados al servicio de nuestros clientes con honestidad, transparencia e innovaci\u00f3n.<\/span> <br><\/p>\n\n\n\n\n<h2>blog<\/h2>\n\n\n\n\n\n\n<style type='text\/css' media='all'>#rt-tpg-container-551139648 .rt-holder .rt-woo-info .price{color:#0367bf;}body .rt-tpg-container .rt-tpg-isotope-buttons .selected,\n\t\t\t\t\t#rt-tpg-container-551139648 .layout12 .rt-holder:hover .rt-detail,\n\t\t\t\t\t#rt-tpg-container-551139648 .isotope8 .rt-holder:hover .rt-detail,\n\t\t\t\t\t#rt-tpg-container-551139648 .carousel8 .rt-holder:hover .rt-detail,\n\t\t\t\t\t#rt-tpg-container-551139648 .layout13 .rt-holder .overlay .post-info,\n\t\t\t\t\t#rt-tpg-container-551139648 .isotope9 .rt-holder .overlay .post-info,\n\t\t\t\t\t#rt-tpg-container-551139648.rt-tpg-container .layout4 .rt-holder .rt-detail,\n\t\t\t\t\t.rt-modal-551139648 .md-content,\n\t\t\t\t\t.rt-modal-551139648 .md-content > .rt-md-content-holder .rt-md-content,\n\t\t\t\t\t.rt-popup-wrap-551139648.rt-popup-wrap .rt-popup-navigation-wrap,\n\t\t\t\t\t#rt-tpg-container-551139648 .carousel9 .rt-holder .overlay .post-info{background-color:#0367bf;}#rt-tpg-container-551139648 .layout5 .rt-holder .overlay, #rt-tpg-container-551139648 .isotope2 .rt-holder .overlay, #rt-tpg-container-551139648 .carousel2 .rt-holder .overlay,#rt-tpg-container-551139648 .layout15 .rt-holder h3, #rt-tpg-container-551139648 .isotope11 .rt-holder h3, #rt-tpg-container-551139648 .carousel11 .rt-holder h3, #rt-tpg-container-551139648 .layout16 .rt-holder h3,\n\t\t\t\t\t#rt-tpg-container-551139648 .isotope12 .rt-holder h3, #rt-tpg-container-551139648 .carousel12 .rt-holder h3 {background-color:rgba(3,103,191,0.8);}#rt-tpg-container-551139648 .read-more a{border-radius:px;}#rt-tpg-container-551139648 .rt-img-holder img.rt-img-responsive,#rt-tpg-container-551139648 .rt-img-holder,\n\t\t\t\t\t#rt-tpg-container-551139648 .rt-post-overlay .post-img,\n\t\t\t\t\t#rt-tpg-container-551139648 .post-sm .post-img,\n\t\t\t\t\t#rt-tpg-container-551139648 .rt-post-grid .post-img,\n\t\t\t\t\t#rt-tpg-container-551139648 .post-img img {border-radius:px;}<\/style><div class='rt-container-fluid rt-tpg-container tpg-shortcode-main-wrapper ' id='rt-tpg-container-551139648'   data-layout='layout1' data-grid-style='even' data-desktop-col='3'  data-tab-col='2'  data-mobile-col='1' data-sc-id='782'><div class=\"tpg-widget-heading-wrapper heading-style1 \"><span class=\"tpg-widget-heading-line line-left\"><\/span><h2 class=\"tpg-widget-heading\"><\/h2><span class=\"tpg-widget-heading-line\"><\/span><\/div><div data-title='Cargando...' class='rt-row rt-content-loader   layout1 tpg-even '><div class=\"rt-col-md-4 rt-col-sm-6 rt-col-xs-12 even-grid-item rt-grid-item\" data-id=\"1\"><div class=\"rt-holder\"><div class=\"rt-img-holder\"><a data-id=\"1\" class=\"\" href=\"https:\/\/persuasumgroup.com\/web\/2024\/11\/13\/hello-world\/\"><img fetchpriority=\"high\" decoding=\"async\" width=\"800\" height=\"450\" src=\"https:\/\/persuasumgroup.com\/web\/wp-content\/uploads\/2025\/07\/scanning-finger-coronavirus-contaminated-fingerprint-access-control-1.webp\" class=\"rt-img-responsive \" alt=\"\" \/><\/a><\/div><div class='rt-detail'><h3 class=\"entry-title\"><a data-id=\"1\" class=\"\" href=\"https:\/\/persuasumgroup.com\/web\/2024\/11\/13\/hello-world\/\">Uso de datos biom\u00e9tricos para el registro de asistencia laboral<\/a><\/h3><div class='post-meta '><span class='read-more'><a data-id='1' class='' href='https:\/\/persuasumgroup.com\/web\/2024\/11\/13\/hello-world\/'>Leer m\u00e1s<\/a><\/span><\/div><\/div><\/div><\/div><div class=\"rt-col-md-4 rt-col-sm-6 rt-col-xs-12 even-grid-item rt-grid-item\" data-id=\"764\"><div class=\"rt-holder\"><div class=\"rt-img-holder\"><a data-id=\"764\" class=\"\" href=\"https:\/\/persuasumgroup.com\/web\/2025\/07\/18\/sri-detecta-uso-indebido-de-sas-para-evadir-impuestos-y-ejecuta-acciones-inmediatas\/\"><img decoding=\"async\" width=\"800\" height=\"534\" src=\"https:\/\/persuasumgroup.com\/web\/wp-content\/uploads\/2025\/07\/saas-concept-collage-1.webp\" class=\"rt-img-responsive \" alt=\"\" \/><\/a><\/div><div class='rt-detail'><h3 class=\"entry-title\"><a data-id=\"764\" class=\"\" href=\"https:\/\/persuasumgroup.com\/web\/2025\/07\/18\/sri-detecta-uso-indebido-de-sas-para-evadir-impuestos-y-ejecuta-acciones-inmediatas\/\">SRI Detecta uso indebido de SAS para evadir impuestos y ejecuta acciones inmediatas<\/a><\/h3><div class='post-meta '><span class='read-more'><a data-id='764' class='' href='https:\/\/persuasumgroup.com\/web\/2025\/07\/18\/sri-detecta-uso-indebido-de-sas-para-evadir-impuestos-y-ejecuta-acciones-inmediatas\/'>Leer m\u00e1s<\/a><\/span><\/div><\/div><\/div><\/div><div class=\"rt-col-md-4 rt-col-sm-6 rt-col-xs-12 even-grid-item rt-grid-item\" data-id=\"769\"><div class=\"rt-holder\"><div class=\"rt-img-holder\"><a data-id=\"769\" class=\"\" href=\"https:\/\/persuasumgroup.com\/web\/2025\/07\/18\/la-superintendencia-de-proteccion-de-datos-emitio-un-reglamento-que-regula-la-gestion-de-consultas\/\"><img decoding=\"async\" width=\"800\" height=\"534\" src=\"https:\/\/persuasumgroup.com\/web\/wp-content\/uploads\/2025\/07\/standard-quality-control-concept-m-1.webp\" class=\"rt-img-responsive \" alt=\"\" \/><\/a><\/div><div class='rt-detail'><h3 class=\"entry-title\"><a data-id=\"769\" class=\"\" href=\"https:\/\/persuasumgroup.com\/web\/2025\/07\/18\/la-superintendencia-de-proteccion-de-datos-emitio-un-reglamento-que-regula-la-gestion-de-consultas\/\">La Superintendencia de Protecci\u00f3n de Datos emiti\u00f3 un Reglamento que regula la gesti\u00f3n de consultas.<\/a><\/h3><div class='post-meta '><span class='read-more'><a data-id='769' class='' href='https:\/\/persuasumgroup.com\/web\/2025\/07\/18\/la-superintendencia-de-proteccion-de-datos-emitio-un-reglamento-que-regula-la-gestion-de-consultas\/'>Leer m\u00e1s<\/a><\/span><\/div><\/div><\/div><\/div><\/div><\/div>\n\n\n","protected":false},"excerpt":{"rendered":"","protected":false},"author":1,"featured_media":0,"parent":0,"menu_order":0,"comment_status":"closed","ping_status":"closed","template":"","meta":{"pagelayer_contact_templates":[],"_pagelayer_content":"","footnotes":""},"class_list":["post-100","page","type-page","status-publish","hentry"],"rttpg_featured_image_url":null,"rttpg_author":{"display_name":"adminpersu","author_link":"https:\/\/persuasumgroup.com\/web\/author\/adminpersu\/"},"rttpg_comment":0,"rttpg_category":"","rttpg_excerpt":null,"_links":{"self":[{"href":"https:\/\/persuasumgroup.com\/web\/wp-json\/wp\/v2\/pages\/100","targetHints":{"allow":["GET"]}}],"collection":[{"href":"https:\/\/persuasumgroup.com\/web\/wp-json\/wp\/v2\/pages"}],"about":[{"href":"https:\/\/persuasumgroup.com\/web\/wp-json\/wp\/v2\/types\/page"}],"author":[{"embeddable":true,"href":"https:\/\/persuasumgroup.com\/web\/wp-json\/wp\/v2\/users\/1"}],"replies":[{"embeddable":true,"href":"https:\/\/persuasumgroup.com\/web\/wp-json\/wp\/v2\/comments?post=100"}],"version-history":[{"count":136,"href":"https:\/\/persuasumgroup.com\/web\/wp-json\/wp\/v2\/pages\/100\/revisions"}],"predecessor-version":[{"id":910,"href":"https:\/\/persuasumgroup.com\/web\/wp-json\/wp\/v2\/pages\/100\/revisions\/910"}],"wp:attachment":[{"href":"https:\/\/persuasumgroup.com\/web\/wp-json\/wp\/v2\/media?parent=100"}],"curies":[{"name":"wp","href":"https:\/\/api.w.org\/{rel}","templated":true}]}}