{"id":2,"date":"2024-11-13T03:37:46","date_gmt":"2024-11-13T03:37:46","guid":{"rendered":"https:\/\/persuasumgroup.com\/web\/?page_id=2"},"modified":"2025-09-15T21:44:15","modified_gmt":"2025-09-15T21:44:15","slug":"equipo","status":"publish","type":"page","link":"https:\/\/persuasumgroup.com\/web\/equipo\/","title":{"rendered":"Sample Page"},"content":{"rendered":"\n\n\n\n\n\n\n\n\n\n\n<h1>Equipo<\/h1>\n\n\n\n\n\n\n\n\n\n\n\n\n\nNuestros Abogados\n\n\n<h4 style=\"text-align: justify;\"><span style=\"font-size: x-large;\">Somos proactivos, mostramos iniciativa y nos adelantamos a las necesidades del cliente para brindarles soluciones a la medida exacta de cada necesidad. Estamos comprometidos con la \u00e9tica, la amabilidad, la transparencia y la confidencialidad en la prestaci\u00f3n de servicios jur\u00eddicos.<\/span> <\/h4>\n<h4 style=\"text-align: justify;\"><br><span style=\"font-size: x-large;\">M\u00e1s que una firma jur\u00eddica, somos<span style=\"\"><\/span> un equipo de profesionales con calidad humana, altamente capacitados al servicio de nuestros clientes con honestidad, transparencia e innovaci\u00f3n.<\/span><br> <\/h4>\n\n\n\n<p>Managing Parter<\/p>\n\n\n<p>Abogado S\u00e9nior<\/p>\n\n\n<p [object NamedNodeMap]>Gerente Contable<\/p>\n\n\n\n\n<p [object NamedNodeMap]>Asociada S\u00e9nior<\/p>\n\n\n<p>Abogado S\u00e9nior<\/p>\n\n\n\n\n<p [object NamedNodeMap]>Asociada<\/p>\n\n\n<p>Abogado S\u00e9nior<\/p>\n\n\n\n\n\n","protected":false},"excerpt":{"rendered":"","protected":false},"author":1,"featured_media":0,"parent":0,"menu_order":0,"comment_status":"closed","ping_status":"closed","template":"","meta":{"pagelayer_contact_templates":[],"_pagelayer_content":"","footnotes":""},"class_list":["post-2","page","type-page","status-publish","hentry"],"rttpg_featured_image_url":null,"rttpg_author":{"display_name":"adminpersu","author_link":"https:\/\/persuasumgroup.com\/web\/author\/adminpersu\/"},"rttpg_comment":0,"rttpg_category":null,"rttpg_excerpt":null,"_links":{"self":[{"href":"https:\/\/persuasumgroup.com\/web\/wp-json\/wp\/v2\/pages\/2","targetHints":{"allow":["GET"]}}],"collection":[{"href":"https:\/\/persuasumgroup.com\/web\/wp-json\/wp\/v2\/pages"}],"about":[{"href":"https:\/\/persuasumgroup.com\/web\/wp-json\/wp\/v2\/types\/page"}],"author":[{"embeddable":true,"href":"https:\/\/persuasumgroup.com\/web\/wp-json\/wp\/v2\/users\/1"}],"replies":[{"embeddable":true,"href":"https:\/\/persuasumgroup.com\/web\/wp-json\/wp\/v2\/comments?post=2"}],"version-history":[{"count":41,"href":"https:\/\/persuasumgroup.com\/web\/wp-json\/wp\/v2\/pages\/2\/revisions"}],"predecessor-version":[{"id":864,"href":"https:\/\/persuasumgroup.com\/web\/wp-json\/wp\/v2\/pages\/2\/revisions\/864"}],"wp:attachment":[{"href":"https:\/\/persuasumgroup.com\/web\/wp-json\/wp\/v2\/media?parent=2"}],"curies":[{"name":"wp","href":"https:\/\/api.w.org\/{rel}","templated":true}]}}