{"id":27,"date":"2024-12-02T14:35:38","date_gmt":"2024-12-02T14:35:38","guid":{"rendered":"https:\/\/persuasumgroup.com\/web\/blog\/"},"modified":"2025-09-15T21:45:38","modified_gmt":"2025-09-15T21:45:38","slug":"blog","status":"publish","type":"page","link":"https:\/\/persuasumgroup.com\/web\/blog\/","title":{"rendered":"Blog"},"content":{"rendered":"\n\n\n\n\n\n\n\n\n\n\n\n\n\n\n<h1>Blog<\/h1>\n\n\n\n\n\n\n\n\n\n\n\n\n<style type='text\/css' media='all'>#rt-tpg-container-3438528947 .rt-holder .rt-woo-info .price{color:#0367bf;}body .rt-tpg-container .rt-tpg-isotope-buttons .selected,\n\t\t\t\t\t#rt-tpg-container-3438528947 .layout12 .rt-holder:hover .rt-detail,\n\t\t\t\t\t#rt-tpg-container-3438528947 .isotope8 .rt-holder:hover .rt-detail,\n\t\t\t\t\t#rt-tpg-container-3438528947 .carousel8 .rt-holder:hover .rt-detail,\n\t\t\t\t\t#rt-tpg-container-3438528947 .layout13 .rt-holder .overlay .post-info,\n\t\t\t\t\t#rt-tpg-container-3438528947 .isotope9 .rt-holder .overlay .post-info,\n\t\t\t\t\t#rt-tpg-container-3438528947.rt-tpg-container .layout4 .rt-holder .rt-detail,\n\t\t\t\t\t.rt-modal-3438528947 .md-content,\n\t\t\t\t\t.rt-modal-3438528947 .md-content > .rt-md-content-holder .rt-md-content,\n\t\t\t\t\t.rt-popup-wrap-3438528947.rt-popup-wrap .rt-popup-navigation-wrap,\n\t\t\t\t\t#rt-tpg-container-3438528947 .carousel9 .rt-holder .overlay .post-info{background-color:#0367bf;}#rt-tpg-container-3438528947 .layout5 .rt-holder .overlay, #rt-tpg-container-3438528947 .isotope2 .rt-holder .overlay, #rt-tpg-container-3438528947 .carousel2 .rt-holder .overlay,#rt-tpg-container-3438528947 .layout15 .rt-holder h3, #rt-tpg-container-3438528947 .isotope11 .rt-holder h3, #rt-tpg-container-3438528947 .carousel11 .rt-holder h3, #rt-tpg-container-3438528947 .layout16 .rt-holder h3,\n\t\t\t\t\t#rt-tpg-container-3438528947 .isotope12 .rt-holder h3, #rt-tpg-container-3438528947 .carousel12 .rt-holder h3 {background-color:rgba(3,103,191,0.8);}#rt-tpg-container-3438528947 .read-more a{border-radius:px;}#rt-tpg-container-3438528947 .rt-img-holder img.rt-img-responsive,#rt-tpg-container-3438528947 .rt-img-holder,\n\t\t\t\t\t#rt-tpg-container-3438528947 .rt-post-overlay .post-img,\n\t\t\t\t\t#rt-tpg-container-3438528947 .post-sm .post-img,\n\t\t\t\t\t#rt-tpg-container-3438528947 .rt-post-grid .post-img,\n\t\t\t\t\t#rt-tpg-container-3438528947 .post-img img {border-radius:px;}<\/style><div class='rt-container-fluid rt-tpg-container tpg-shortcode-main-wrapper ' id='rt-tpg-container-3438528947'   data-layout='layout1' data-grid-style='even' data-desktop-col='3'  data-tab-col='2'  data-mobile-col='1' data-sc-id='782'><div class=\"tpg-widget-heading-wrapper heading-style1 \"><span class=\"tpg-widget-heading-line line-left\"><\/span><h2 class=\"tpg-widget-heading\"><\/h2><span class=\"tpg-widget-heading-line\"><\/span><\/div><div data-title='Cargando...' class='rt-row rt-content-loader   layout1 tpg-even '><div class=\"rt-col-md-4 rt-col-sm-6 rt-col-xs-12 even-grid-item rt-grid-item\" data-id=\"1\"><div class=\"rt-holder\"><div class=\"rt-img-holder\"><a data-id=\"1\" class=\"\" href=\"https:\/\/persuasumgroup.com\/web\/2024\/11\/13\/hello-world\/\"><img fetchpriority=\"high\" decoding=\"async\" width=\"800\" height=\"450\" src=\"https:\/\/persuasumgroup.com\/web\/wp-content\/uploads\/2025\/07\/scanning-finger-coronavirus-contaminated-fingerprint-access-control-1.webp\" class=\"rt-img-responsive \" alt=\"\" \/><\/a><\/div><div class='rt-detail'><h3 class=\"entry-title\"><a data-id=\"1\" class=\"\" href=\"https:\/\/persuasumgroup.com\/web\/2024\/11\/13\/hello-world\/\">Uso de datos biom\u00e9tricos para el registro de asistencia laboral<\/a><\/h3><div class='post-meta '><span class='read-more'><a data-id='1' class='' href='https:\/\/persuasumgroup.com\/web\/2024\/11\/13\/hello-world\/'>Leer m\u00e1s<\/a><\/span><\/div><\/div><\/div><\/div><div class=\"rt-col-md-4 rt-col-sm-6 rt-col-xs-12 even-grid-item rt-grid-item\" data-id=\"764\"><div class=\"rt-holder\"><div class=\"rt-img-holder\"><a data-id=\"764\" class=\"\" href=\"https:\/\/persuasumgroup.com\/web\/2025\/07\/18\/sri-detecta-uso-indebido-de-sas-para-evadir-impuestos-y-ejecuta-acciones-inmediatas\/\"><img decoding=\"async\" width=\"800\" height=\"534\" src=\"https:\/\/persuasumgroup.com\/web\/wp-content\/uploads\/2025\/07\/saas-concept-collage-1.webp\" class=\"rt-img-responsive \" alt=\"\" \/><\/a><\/div><div class='rt-detail'><h3 class=\"entry-title\"><a data-id=\"764\" class=\"\" href=\"https:\/\/persuasumgroup.com\/web\/2025\/07\/18\/sri-detecta-uso-indebido-de-sas-para-evadir-impuestos-y-ejecuta-acciones-inmediatas\/\">SRI Detecta uso indebido de SAS para evadir impuestos y ejecuta acciones inmediatas<\/a><\/h3><div class='post-meta '><span class='read-more'><a data-id='764' class='' href='https:\/\/persuasumgroup.com\/web\/2025\/07\/18\/sri-detecta-uso-indebido-de-sas-para-evadir-impuestos-y-ejecuta-acciones-inmediatas\/'>Leer m\u00e1s<\/a><\/span><\/div><\/div><\/div><\/div><div class=\"rt-col-md-4 rt-col-sm-6 rt-col-xs-12 even-grid-item rt-grid-item\" data-id=\"769\"><div class=\"rt-holder\"><div class=\"rt-img-holder\"><a data-id=\"769\" class=\"\" href=\"https:\/\/persuasumgroup.com\/web\/2025\/07\/18\/la-superintendencia-de-proteccion-de-datos-emitio-un-reglamento-que-regula-la-gestion-de-consultas\/\"><img decoding=\"async\" width=\"800\" height=\"534\" src=\"https:\/\/persuasumgroup.com\/web\/wp-content\/uploads\/2025\/07\/standard-quality-control-concept-m-1.webp\" class=\"rt-img-responsive \" alt=\"\" \/><\/a><\/div><div class='rt-detail'><h3 class=\"entry-title\"><a data-id=\"769\" class=\"\" href=\"https:\/\/persuasumgroup.com\/web\/2025\/07\/18\/la-superintendencia-de-proteccion-de-datos-emitio-un-reglamento-que-regula-la-gestion-de-consultas\/\">La Superintendencia de Protecci\u00f3n de Datos emiti\u00f3 un Reglamento que regula la gesti\u00f3n de consultas.<\/a><\/h3><div class='post-meta '><span class='read-more'><a data-id='769' class='' href='https:\/\/persuasumgroup.com\/web\/2025\/07\/18\/la-superintendencia-de-proteccion-de-datos-emitio-un-reglamento-que-regula-la-gestion-de-consultas\/'>Leer m\u00e1s<\/a><\/span><\/div><\/div><\/div><\/div><\/div><\/div>\n","protected":false},"excerpt":{"rendered":"","protected":false},"author":1,"featured_media":0,"parent":0,"menu_order":0,"comment_status":"closed","ping_status":"closed","template":"","meta":{"pagelayer_contact_templates":[],"_pagelayer_content":"","footnotes":""},"class_list":["post-27","page","type-page","status-publish","hentry"],"rttpg_featured_image_url":null,"rttpg_author":{"display_name":"adminpersu","author_link":"https:\/\/persuasumgroup.com\/web\/author\/adminpersu\/"},"rttpg_comment":0,"rttpg_category":"","rttpg_excerpt":null,"_links":{"self":[{"href":"https:\/\/persuasumgroup.com\/web\/wp-json\/wp\/v2\/pages\/27","targetHints":{"allow":["GET"]}}],"collection":[{"href":"https:\/\/persuasumgroup.com\/web\/wp-json\/wp\/v2\/pages"}],"about":[{"href":"https:\/\/persuasumgroup.com\/web\/wp-json\/wp\/v2\/types\/page"}],"author":[{"embeddable":true,"href":"https:\/\/persuasumgroup.com\/web\/wp-json\/wp\/v2\/users\/1"}],"replies":[{"embeddable":true,"href":"https:\/\/persuasumgroup.com\/web\/wp-json\/wp\/v2\/comments?post=27"}],"version-history":[{"count":26,"href":"https:\/\/persuasumgroup.com\/web\/wp-json\/wp\/v2\/pages\/27\/revisions"}],"predecessor-version":[{"id":865,"href":"https:\/\/persuasumgroup.com\/web\/wp-json\/wp\/v2\/pages\/27\/revisions\/865"}],"wp:attachment":[{"href":"https:\/\/persuasumgroup.com\/web\/wp-json\/wp\/v2\/media?parent=27"}],"curies":[{"name":"wp","href":"https:\/\/api.w.org\/{rel}","templated":true}]}}